{"id":93,"date":"2021-02-22T12:54:10","date_gmt":"2021-02-22T11:54:10","guid":{"rendered":"https:\/\/allezlou.fr\/astrid\/?post_type=product&#038;p=93"},"modified":"2022-04-09T09:15:37","modified_gmt":"2022-04-09T07:15:37","slug":"shma-david","status":"publish","type":"product","link":"https:\/\/allezlou.fr\/astrid\/produit\/shma-david\/","title":{"rendered":"David"},"content":{"rendered":"<div><span style=\"color: #2f7380;\"><em>Tu croyais conna\u00eetre la bible ? Tu pensais ce livre trop r\u00e9barbatif pour toi ? Que nenni ! La s\u00e9rie \u00ab\u00a0SH&rsquo;MA\u00a0\u00bb va te faire d\u00e9couvrir que la Bible n&rsquo;est pas qu&rsquo;un gros bouquin dans lequel on t&rsquo;annonce le d\u00e9cha\u00eenement des foudres du Ciel si tu n&rsquo;aides pas tes parents \u00e0 vider le lave-vaisselle. <\/em><\/span><\/div>\n<div><span style=\"color: #2f7380;\"><em>C&rsquo;est en r\u00e9alit\u00e9 une litt\u00e9rature particuli\u00e8re, pleine de moments savoureux et \u00e9tonnants. <\/em><\/span><\/div>\n<div><span style=\"color: #2f7380;\"><em>C&rsquo;est aussi une galerie de personnages comme toi et moi, et qui ont finalement \u00e9t\u00e9 touch\u00e9s par un Autre. <\/em><\/span><\/div>\n<div><span style=\"color: #2f7380;\"><em>Et c&rsquo;est bien s\u00fbr avant tout cet Autre, qui est une Parole venant te trouver l\u00e0 o\u00f9 tu ne t&rsquo;y attends pas, pour t&rsquo;aider \u00e0 esp\u00e9rer, \u00e0 \u00eatre libre, \u00e0 aimer.<\/em><\/span><\/div>\n<div><strong>&#8211;<\/strong><\/div>\n<div><b>COMMENT \u00c7A MARCHE ?<\/b><\/div>\n<div>A la fois <b>outils p\u00e9dagogiques et cr\u00e9ations illustr\u00e9es originales<\/b>, les grandes cartes <b>SH&rsquo;MA<\/b><b><\/b> ne sont pas de simples \u00ab\u00a0cartes de pri\u00e8res\u00a0\u00bb, mais sont plut\u00f4t des cartes pour <b>\u00ab\u00a0entrer dans la pri\u00e8re\u00a0\u00bb par la porte de l&rsquo;humour,<\/b> <b>gr\u00e2ce \u00e0<\/b><b> 10 sc\u00e8nes bibliques et leurs personnages, d&rsquo;Adam et Eve \u00e0 J\u00e9sus<\/b>.<\/div>\n<div>Sur chacune des cartes, <strong>au recto<\/strong>, l&rsquo;image donne une saveur \u00e0 un \u00e9pisode biblique, \u00e0 travers le caract\u00e8re particulier d&rsquo;un personnage, et nous permet de nous retrouver nous-m\u00eame concern\u00e9s.<\/div>\n<div>L&rsquo;image introduit le passage biblique original, \u00e9crit au <strong>verso<\/strong> de la carte, accompagn\u00e9 de petites explications sur les personnages et de questions courtes permettant d&rsquo;entrer dans la pri\u00e8re.<\/div>\n<div>Le but est qu&rsquo;une fois surpris par un personnage et sa place dans l&rsquo;\u00e9pisode propos\u00e9, on s&rsquo;approprie le message pour rentrer en relation avec Dieu, et lui laisser Sa place dans notre vie.<\/div>\n<div>En \u00ab\u00a0go\u00fbtant\u00a0\u00bb la Bible par ces cartes, les enfants et les adolescents, si besoin \u00e0 l&rsquo;aide de leurs parents ou de leurs cat\u00e9chistes, peuvent alors <b>apprendre \u00e0 avoir une foi plus personnelle et autonome.<\/b><\/div>\n<div><strong>&#8211;<\/strong><\/div>\n<div>A partir de 8 ans.<\/div>\n<div><strong>&#8211;<\/strong><\/div>\n<div>Carte imprim\u00e9e recto verso sur papier \u00e0 grain 250gr.<\/div>\n","protected":false},"excerpt":{"rendered":"<p>Carte \u00ab\u00a0SH&rsquo;MA\u00a0\u00bb David.<\/p>\n<p>D\u00e9couvrez un passage de la vie du roi David ! Quand la confiance en Dieu rend plus fort que les g\u00e9ants.<\/p>\n<p>_<\/p>\n<p>14,5&#215;14,5 cm<\/p>\n<p>A partir de 8 ans.<\/p>\n","protected":false},"featured_media":71,"template":"","meta":[],"product_brand":[],"product_cat":[18,23],"product_tag":[],"class_list":{"0":"post-93","1":"product","2":"type-product","3":"status-publish","4":"has-post-thumbnail","6":"product_cat-cartesillu","7":"product_cat-cartes-shma","8":"product_shipping_class-500gr","10":"first","11":"instock","12":"shipping-taxable","13":"purchasable","14":"product-type-simple"},"_links":{"self":[{"href":"https:\/\/allezlou.fr\/astrid\/wp-json\/wp\/v2\/product\/93","targetHints":{"allow":["GET"]}}],"collection":[{"href":"https:\/\/allezlou.fr\/astrid\/wp-json\/wp\/v2\/product"}],"about":[{"href":"https:\/\/allezlou.fr\/astrid\/wp-json\/wp\/v2\/types\/product"}],"wp:featuredmedia":[{"embeddable":true,"href":"https:\/\/allezlou.fr\/astrid\/wp-json\/wp\/v2\/media\/71"}],"wp:attachment":[{"href":"https:\/\/allezlou.fr\/astrid\/wp-json\/wp\/v2\/media?parent=93"}],"wp:term":[{"taxonomy":"product_brand","embeddable":true,"href":"https:\/\/allezlou.fr\/astrid\/wp-json\/wp\/v2\/product_brand?post=93"},{"taxonomy":"product_cat","embeddable":true,"href":"https:\/\/allezlou.fr\/astrid\/wp-json\/wp\/v2\/product_cat?post=93"},{"taxonomy":"product_tag","embeddable":true,"href":"https:\/\/allezlou.fr\/astrid\/wp-json\/wp\/v2\/product_tag?post=93"}],"curies":[{"name":"wp","href":"https:\/\/api.w.org\/{rel}","templated":true}]}}