{"id":338,"date":"2021-11-16T17:01:33","date_gmt":"2021-11-16T16:01:33","guid":{"rendered":"https:\/\/allezlou.fr\/astrid\/?page_id=338"},"modified":"2023-01-07T13:22:50","modified_gmt":"2023-01-07T12:22:50","slug":"commandes_personnalisees","status":"publish","type":"page","link":"https:\/\/allezlou.fr\/astrid\/commandes_personnalisees\/","title":{"rendered":"Commandes personnalis\u00e9es"},"content":{"rendered":"\t\t<div data-elementor-type=\"wp-page\" data-elementor-id=\"338\" class=\"elementor elementor-338\">\n\t\t\t\t\t\t<section class=\"elementor-section elementor-top-section elementor-element elementor-element-3444db9 elementor-section-boxed elementor-section-height-default elementor-section-height-default\" data-id=\"3444db9\" data-element_type=\"section\" data-e-type=\"section\">\n\t\t\t\t\t\t<div class=\"elementor-container elementor-column-gap-default\">\n\t\t\t\t\t<div class=\"elementor-column elementor-col-100 elementor-top-column elementor-element elementor-element-ca4dd67\" data-id=\"ca4dd67\" data-element_type=\"column\" data-e-type=\"column\">\n\t\t\t<div class=\"elementor-widget-wrap elementor-element-populated\">\n\t\t\t\t\t\t<section class=\"elementor-section elementor-inner-section elementor-element elementor-element-59d30b3 elementor-section-boxed elementor-section-height-default elementor-section-height-default\" data-id=\"59d30b3\" data-element_type=\"section\" data-e-type=\"section\">\n\t\t\t\t\t\t<div class=\"elementor-container elementor-column-gap-default\">\n\t\t\t\t\t<div class=\"elementor-column elementor-col-50 elementor-inner-column elementor-element elementor-element-c2b583c\" data-id=\"c2b583c\" data-element_type=\"column\" data-e-type=\"column\">\n\t\t\t<div class=\"elementor-widget-wrap elementor-element-populated\">\n\t\t\t\t\t\t<div class=\"elementor-element elementor-element-e7e2112 elementor-widget elementor-widget-heading\" data-id=\"e7e2112\" data-element_type=\"widget\" data-e-type=\"widget\" data-widget_type=\"heading.default\">\n\t\t\t\t<div class=\"elementor-widget-container\">\n\t\t\t\t\t<h2 class=\"elementor-heading-title elementor-size-default\">Commandes personnalis\u00e9es<\/h2>\t\t\t\t<\/div>\n\t\t\t\t<\/div>\n\t\t\t\t<div class=\"elementor-element elementor-element-039afdf elementor-widget elementor-widget-text-editor\" data-id=\"039afdf\" data-element_type=\"widget\" data-e-type=\"widget\" data-widget_type=\"text-editor.default\">\n\t\t\t\t<div class=\"elementor-widget-container\">\n\t\t\t\t\t\t\t\t\t<div style=\"text-align: right;\">Je suis \u00e0 l&rsquo;\u00e9coute de vos divers projets, pour les r\u00e9aliser selon le style et la technique que vous pr\u00e9f\u00e9rez :<\/div><div style=\"text-align: right;\">\u00a0<\/div><div style=\"text-align: right;\">&#8211; \u00e9l\u00e9ments d&rsquo;architecture r\u00e9alis\u00e9s de fa\u00e7ons vari\u00e9es,<\/div><div style=\"text-align: right;\">&#8211; saints patrons<\/div><div style=\"text-align: right;\">&#8211; divers visuels pour invitations, livrets de bapt\u00eame ou de mariage,<\/div><div style=\"text-align: right;\">&#8211; groupes, familles ou \u00ab\u00a0workteam\u00a0\u00bb dans un style enfantin et dynamique.<\/div><div style=\"text-align: right;\">\u00a0<\/div>\t\t\t\t\t\t\t\t<\/div>\n\t\t\t\t<\/div>\n\t\t\t\t\t<\/div>\n\t\t<\/div>\n\t\t\t\t<div class=\"elementor-column elementor-col-50 elementor-inner-column elementor-element elementor-element-86d286e\" data-id=\"86d286e\" data-element_type=\"column\" data-e-type=\"column\">\n\t\t\t<div class=\"elementor-widget-wrap elementor-element-populated\">\n\t\t\t\t\t\t<div class=\"elementor-element elementor-element-8121768 gallery-spacing-custom elementor-widget elementor-widget-image-gallery\" data-id=\"8121768\" data-element_type=\"widget\" data-e-type=\"widget\" data-widget_type=\"image-gallery.default\">\n\t\t\t\t<div class=\"elementor-widget-container\">\n\t\t\t\t\t\t\t<div class=\"elementor-image-gallery\">\n\t\t\t<div id='gallery-1' class='gallery galleryid-338 gallery-columns-3 gallery-size-sydney-small-thumb'><figure class='gallery-item'>\n\t\t\t<div class='gallery-icon landscape'>\n\t\t\t\t<a data-elementor-open-lightbox=\"yes\" data-elementor-lightbox-slideshow=\"8121768\" data-elementor-lightbox-title=\"maison de famille\" data-elementor-lightbox-description=\"aquarelle maisons de famille\" data-e-action-hash=\"#elementor-action%3Aaction%3Dlightbox%26settings%3DeyJpZCI6NTkyLCJ1cmwiOiJodHRwczpcL1wvYWxsZXpsb3UuZnJcL2FzdHJpZFwvd3AtY29udGVudFwvdXBsb2Fkc1wvMjAyM1wvMDFcL3JldG91Y2gyLmpwZyIsInNsaWRlc2hvdyI6IjgxMjE3NjgifQ%3D%3D\" href='https:\/\/allezlou.fr\/astrid\/wp-content\/uploads\/2023\/01\/retouch2.jpg'><img fetchpriority=\"high\" decoding=\"async\" width=\"230\" height=\"230\" src=\"https:\/\/allezlou.fr\/astrid\/wp-content\/uploads\/2023\/01\/retouch2-230x230.jpg\" class=\"attachment-sydney-small-thumb size-sydney-small-thumb\" alt=\"aquarelle maisons de famille monuments d&#039;architecture\" aria-describedby=\"gallery-1-592\" srcset=\"https:\/\/allezlou.fr\/astrid\/wp-content\/uploads\/2023\/01\/retouch2-230x230.jpg 230w, https:\/\/allezlou.fr\/astrid\/wp-content\/uploads\/2023\/01\/retouch2-300x300.jpg 300w, https:\/\/allezlou.fr\/astrid\/wp-content\/uploads\/2023\/01\/retouch2-1024x1024.jpg 1024w, https:\/\/allezlou.fr\/astrid\/wp-content\/uploads\/2023\/01\/retouch2-150x150.jpg 150w, https:\/\/allezlou.fr\/astrid\/wp-content\/uploads\/2023\/01\/retouch2-768x768.jpg 768w, https:\/\/allezlou.fr\/astrid\/wp-content\/uploads\/2023\/01\/retouch2-1536x1536.jpg 1536w, https:\/\/allezlou.fr\/astrid\/wp-content\/uploads\/2023\/01\/retouch2-2048x2048.jpg 2048w, https:\/\/allezlou.fr\/astrid\/wp-content\/uploads\/2023\/01\/retouch2-830x830.jpg 830w, https:\/\/allezlou.fr\/astrid\/wp-content\/uploads\/2023\/01\/retouch2-350x350.jpg 350w, https:\/\/allezlou.fr\/astrid\/wp-content\/uploads\/2023\/01\/retouch2-480x480.jpg 480w, https:\/\/allezlou.fr\/astrid\/wp-content\/uploads\/2023\/01\/retouch2-600x600.jpg 600w, https:\/\/allezlou.fr\/astrid\/wp-content\/uploads\/2023\/01\/retouch2-100x100.jpg 100w\" sizes=\"(max-width: 230px) 100vw, 230px\" \/><\/a>\n\t\t\t<\/div>\n\t\t\t\t<figcaption class='wp-caption-text gallery-caption' id='gallery-1-592'>\n\t\t\t\tMaison de famille\n\t\t\t\t<\/figcaption><\/figure><figure class='gallery-item'>\n\t\t\t<div class='gallery-icon landscape'>\n\t\t\t\t<a data-elementor-open-lightbox=\"yes\" data-elementor-lightbox-slideshow=\"8121768\" data-elementor-lightbox-title=\"Saint Etienne Toulouse\" data-elementor-lightbox-description=\"Illustration aquarelle patrimoine architectural\" data-e-action-hash=\"#elementor-action%3Aaction%3Dlightbox%26settings%3DeyJpZCI6NTk3LCJ1cmwiOiJodHRwczpcL1wvYWxsZXpsb3UuZnJcL2FzdHJpZFwvd3AtY29udGVudFwvdXBsb2Fkc1wvMjAyM1wvMDFcL1NhaW50LUV0aWVubmUtVG91bG91c2Utc2NhbGVkLmpwZWciLCJzbGlkZXNob3ciOiI4MTIxNzY4In0%3D\" href='https:\/\/allezlou.fr\/astrid\/wp-content\/uploads\/2023\/01\/Saint-Etienne-Toulouse-scaled.jpeg'><img decoding=\"async\" width=\"230\" height=\"230\" src=\"https:\/\/allezlou.fr\/astrid\/wp-content\/uploads\/2023\/01\/Saint-Etienne-Toulouse-230x230.jpeg\" class=\"attachment-sydney-small-thumb size-sydney-small-thumb\" alt=\"Illustration aquarelle patrimoine architectural\" aria-describedby=\"gallery-1-597\" srcset=\"https:\/\/allezlou.fr\/astrid\/wp-content\/uploads\/2023\/01\/Saint-Etienne-Toulouse-230x230.jpeg 230w, https:\/\/allezlou.fr\/astrid\/wp-content\/uploads\/2023\/01\/Saint-Etienne-Toulouse-300x300.jpeg 300w, https:\/\/allezlou.fr\/astrid\/wp-content\/uploads\/2023\/01\/Saint-Etienne-Toulouse-1024x1024.jpeg 1024w, https:\/\/allezlou.fr\/astrid\/wp-content\/uploads\/2023\/01\/Saint-Etienne-Toulouse-150x150.jpeg 150w, https:\/\/allezlou.fr\/astrid\/wp-content\/uploads\/2023\/01\/Saint-Etienne-Toulouse-768x768.jpeg 768w, https:\/\/allezlou.fr\/astrid\/wp-content\/uploads\/2023\/01\/Saint-Etienne-Toulouse-1536x1536.jpeg 1536w, https:\/\/allezlou.fr\/astrid\/wp-content\/uploads\/2023\/01\/Saint-Etienne-Toulouse-2048x2048.jpeg 2048w, https:\/\/allezlou.fr\/astrid\/wp-content\/uploads\/2023\/01\/Saint-Etienne-Toulouse-830x830.jpeg 830w, https:\/\/allezlou.fr\/astrid\/wp-content\/uploads\/2023\/01\/Saint-Etienne-Toulouse-350x350.jpeg 350w, https:\/\/allezlou.fr\/astrid\/wp-content\/uploads\/2023\/01\/Saint-Etienne-Toulouse-480x480.jpeg 480w, https:\/\/allezlou.fr\/astrid\/wp-content\/uploads\/2023\/01\/Saint-Etienne-Toulouse-600x600.jpeg 600w, https:\/\/allezlou.fr\/astrid\/wp-content\/uploads\/2023\/01\/Saint-Etienne-Toulouse-100x100.jpeg 100w\" sizes=\"(max-width: 230px) 100vw, 230px\" \/><\/a>\n\t\t\t<\/div>\n\t\t\t\t<figcaption class='wp-caption-text gallery-caption' id='gallery-1-597'>\n\t\t\t\tPatrimoine architectural\n\t\t\t\t<\/figcaption><\/figure><figure class='gallery-item'>\n\t\t\t<div class='gallery-icon landscape'>\n\t\t\t\t<a data-elementor-open-lightbox=\"yes\" data-elementor-lightbox-slideshow=\"8121768\" data-elementor-lightbox-title=\"illustration saint patron\" data-elementor-lightbox-description=\"illustration saint patron\" data-e-action-hash=\"#elementor-action%3Aaction%3Dlightbox%26settings%3DeyJpZCI6NTkzLCJ1cmwiOiJodHRwczpcL1wvYWxsZXpsb3UuZnJcL2FzdHJpZFwvd3AtY29udGVudFwvdXBsb2Fkc1wvMjAyM1wvMDFcL3NhaW50LUF1Z3VzdGluSU5TVEEucG5nIiwic2xpZGVzaG93IjoiODEyMTc2OCJ9\" href='https:\/\/allezlou.fr\/astrid\/wp-content\/uploads\/2023\/01\/saint-AugustinINSTA.png'><img decoding=\"async\" width=\"230\" height=\"230\" src=\"https:\/\/allezlou.fr\/astrid\/wp-content\/uploads\/2023\/01\/saint-AugustinINSTA-230x230.png\" class=\"attachment-sydney-small-thumb size-sydney-small-thumb\" alt=\"illustration saint patron\" aria-describedby=\"gallery-1-593\" srcset=\"https:\/\/allezlou.fr\/astrid\/wp-content\/uploads\/2023\/01\/saint-AugustinINSTA-230x230.png 230w, https:\/\/allezlou.fr\/astrid\/wp-content\/uploads\/2023\/01\/saint-AugustinINSTA-300x300.png 300w, https:\/\/allezlou.fr\/astrid\/wp-content\/uploads\/2023\/01\/saint-AugustinINSTA-1024x1024.png 1024w, https:\/\/allezlou.fr\/astrid\/wp-content\/uploads\/2023\/01\/saint-AugustinINSTA-150x150.png 150w, https:\/\/allezlou.fr\/astrid\/wp-content\/uploads\/2023\/01\/saint-AugustinINSTA-768x768.png 768w, https:\/\/allezlou.fr\/astrid\/wp-content\/uploads\/2023\/01\/saint-AugustinINSTA-1536x1536.png 1536w, https:\/\/allezlou.fr\/astrid\/wp-content\/uploads\/2023\/01\/saint-AugustinINSTA-2048x2048.png 2048w, https:\/\/allezlou.fr\/astrid\/wp-content\/uploads\/2023\/01\/saint-AugustinINSTA-830x830.png 830w, https:\/\/allezlou.fr\/astrid\/wp-content\/uploads\/2023\/01\/saint-AugustinINSTA-350x350.png 350w, https:\/\/allezlou.fr\/astrid\/wp-content\/uploads\/2023\/01\/saint-AugustinINSTA-480x480.png 480w, https:\/\/allezlou.fr\/astrid\/wp-content\/uploads\/2023\/01\/saint-AugustinINSTA-600x600.png 600w, https:\/\/allezlou.fr\/astrid\/wp-content\/uploads\/2023\/01\/saint-AugustinINSTA-100x100.png 100w\" sizes=\"(max-width: 230px) 100vw, 230px\" \/><\/a>\n\t\t\t<\/div>\n\t\t\t\t<figcaption class='wp-caption-text gallery-caption' id='gallery-1-593'>\n\t\t\t\tSaint patron\n\t\t\t\t<\/figcaption><\/figure>\n\t\t<\/div>\n\t\t<\/div>\n\t\t\t\t\t\t<\/div>\n\t\t\t\t<\/div>\n\t\t\t\t<div class=\"elementor-element elementor-element-9ce4d88 elementor-widget elementor-widget-text-editor\" data-id=\"9ce4d88\" data-element_type=\"widget\" data-e-type=\"widget\" data-widget_type=\"text-editor.default\">\n\t\t\t\t<div class=\"elementor-widget-container\">\n\t\t\t\t\t\t\t\t\t<p><span style=\"color: #739f9c;\">\u00a0\u00a0\u00a0 \u00a0\u00a0\u00a0\u00a0\u00a0\u00a0\u00a0 Maisons de famille \u00a0\u00a0\u00a0\u00a0 \u00a0 \u00a0 \u00a0\u00a0\u00a0\u00a0\u00a0\u00a0\u00a0\u00a0\u00a0\u00a0\u00a0\u00a0\u00a0\u00a0\u00a0\u00a0\u00a0 Patrimoine architectural \u00a0\u00a0\u00a0\u00a0\u00a0\u00a0\u00a0\u00a0\u00a0\u00a0\u00a0\u00a0\u00a0 \u00a0 \u00a0 \u00a0 \u00a0 \u00a0\u00a0\u00a0\u00a0\u00a0 Saints patrons<br \/><\/span><\/p>\t\t\t\t\t\t\t\t<\/div>\n\t\t\t\t<\/div>\n\t\t\t\t<div class=\"elementor-element elementor-element-7417d2b gallery-spacing-custom elementor-widget elementor-widget-image-gallery\" data-id=\"7417d2b\" data-element_type=\"widget\" data-e-type=\"widget\" data-widget_type=\"image-gallery.default\">\n\t\t\t\t<div class=\"elementor-widget-container\">\n\t\t\t\t\t\t\t<div class=\"elementor-image-gallery\">\n\t\t\t<div id='gallery-2' class='gallery galleryid-338 gallery-columns-3 gallery-size-sydney-small-thumb'><figure class='gallery-item'>\n\t\t\t<div class='gallery-icon landscape'>\n\t\t\t\t<a data-elementor-open-lightbox=\"yes\" data-elementor-lightbox-slideshow=\"7417d2b\" data-elementor-lightbox-title=\"Faire-part, invitations, livrets\" data-elementor-lightbox-description=\"illustration livret de bapt\u00eame mariage anniversaire\" data-e-action-hash=\"#elementor-action%3Aaction%3Dlightbox%26settings%3DeyJpZCI6NTk0LCJ1cmwiOiJodHRwczpcL1wvYWxsZXpsb3UuZnJcL2FzdHJpZFwvd3AtY29udGVudFwvdXBsb2Fkc1wvMjAyM1wvMDFcLzNSb25kZXJldG91Y2hlMi5qcGciLCJzbGlkZXNob3ciOiI3NDE3ZDJiIn0%3D\" href='https:\/\/allezlou.fr\/astrid\/wp-content\/uploads\/2023\/01\/3Ronderetouche2.jpg'><img loading=\"lazy\" decoding=\"async\" width=\"230\" height=\"230\" src=\"https:\/\/allezlou.fr\/astrid\/wp-content\/uploads\/2023\/01\/3Ronderetouche2-230x230.jpg\" class=\"attachment-sydney-small-thumb size-sydney-small-thumb\" alt=\"illustration livret de bapt\u00eame mariage anniversaire\" aria-describedby=\"gallery-2-594\" srcset=\"https:\/\/allezlou.fr\/astrid\/wp-content\/uploads\/2023\/01\/3Ronderetouche2-230x230.jpg 230w, https:\/\/allezlou.fr\/astrid\/wp-content\/uploads\/2023\/01\/3Ronderetouche2-300x300.jpg 300w, https:\/\/allezlou.fr\/astrid\/wp-content\/uploads\/2023\/01\/3Ronderetouche2-1024x1024.jpg 1024w, https:\/\/allezlou.fr\/astrid\/wp-content\/uploads\/2023\/01\/3Ronderetouche2-150x150.jpg 150w, https:\/\/allezlou.fr\/astrid\/wp-content\/uploads\/2023\/01\/3Ronderetouche2-768x768.jpg 768w, https:\/\/allezlou.fr\/astrid\/wp-content\/uploads\/2023\/01\/3Ronderetouche2-1536x1536.jpg 1536w, https:\/\/allezlou.fr\/astrid\/wp-content\/uploads\/2023\/01\/3Ronderetouche2-830x830.jpg 830w, https:\/\/allezlou.fr\/astrid\/wp-content\/uploads\/2023\/01\/3Ronderetouche2-350x350.jpg 350w, https:\/\/allezlou.fr\/astrid\/wp-content\/uploads\/2023\/01\/3Ronderetouche2-480x480.jpg 480w, https:\/\/allezlou.fr\/astrid\/wp-content\/uploads\/2023\/01\/3Ronderetouche2-600x600.jpg 600w, https:\/\/allezlou.fr\/astrid\/wp-content\/uploads\/2023\/01\/3Ronderetouche2-100x100.jpg 100w, https:\/\/allezlou.fr\/astrid\/wp-content\/uploads\/2023\/01\/3Ronderetouche2.jpg 1765w\" sizes=\"(max-width: 230px) 100vw, 230px\" \/><\/a>\n\t\t\t<\/div>\n\t\t\t\t<figcaption class='wp-caption-text gallery-caption' id='gallery-2-594'>\n\t\t\t\tFaire-part, invitations, livrets\n\t\t\t\t<\/figcaption><\/figure><figure class='gallery-item'>\n\t\t\t<div class='gallery-icon landscape'>\n\t\t\t\t<a data-elementor-open-lightbox=\"yes\" data-elementor-lightbox-slideshow=\"7417d2b\" data-elementor-lightbox-title=\"Bidouillage\" data-elementor-lightbox-description=\"illustration livret de bapt\u00eame mariage anniversaire\" data-e-action-hash=\"#elementor-action%3Aaction%3Dlightbox%26settings%3DeyJpZCI6NTk2LCJ1cmwiOiJodHRwczpcL1wvYWxsZXpsb3UuZnJcL2FzdHJpZFwvd3AtY29udGVudFwvdXBsb2Fkc1wvMjAyM1wvMDFcL0JpZG91aWxsYWdlLmpwZyIsInNsaWRlc2hvdyI6Ijc0MTdkMmIifQ%3D%3D\" href='https:\/\/allezlou.fr\/astrid\/wp-content\/uploads\/2023\/01\/Bidouillage.jpg'><img loading=\"lazy\" decoding=\"async\" width=\"230\" height=\"230\" src=\"https:\/\/allezlou.fr\/astrid\/wp-content\/uploads\/2023\/01\/Bidouillage-230x230.jpg\" class=\"attachment-sydney-small-thumb size-sydney-small-thumb\" alt=\"\" srcset=\"https:\/\/allezlou.fr\/astrid\/wp-content\/uploads\/2023\/01\/Bidouillage-230x230.jpg 230w, https:\/\/allezlou.fr\/astrid\/wp-content\/uploads\/2023\/01\/Bidouillage-300x300.jpg 300w, https:\/\/allezlou.fr\/astrid\/wp-content\/uploads\/2023\/01\/Bidouillage-1024x1024.jpg 1024w, https:\/\/allezlou.fr\/astrid\/wp-content\/uploads\/2023\/01\/Bidouillage-150x150.jpg 150w, https:\/\/allezlou.fr\/astrid\/wp-content\/uploads\/2023\/01\/Bidouillage-768x768.jpg 768w, https:\/\/allezlou.fr\/astrid\/wp-content\/uploads\/2023\/01\/Bidouillage-830x830.jpg 830w, https:\/\/allezlou.fr\/astrid\/wp-content\/uploads\/2023\/01\/Bidouillage-350x350.jpg 350w, https:\/\/allezlou.fr\/astrid\/wp-content\/uploads\/2023\/01\/Bidouillage-480x480.jpg 480w, https:\/\/allezlou.fr\/astrid\/wp-content\/uploads\/2023\/01\/Bidouillage-600x600.jpg 600w, https:\/\/allezlou.fr\/astrid\/wp-content\/uploads\/2023\/01\/Bidouillage-100x100.jpg 100w, https:\/\/allezlou.fr\/astrid\/wp-content\/uploads\/2023\/01\/Bidouillage.jpg 1200w\" sizes=\"(max-width: 230px) 100vw, 230px\" \/><\/a>\n\t\t\t<\/div><\/figure>\n\t\t<\/div>\n\t\t<\/div>\n\t\t\t\t\t\t<\/div>\n\t\t\t\t<\/div>\n\t\t\t\t<div class=\"elementor-element elementor-element-dfad07e elementor-widget elementor-widget-text-editor\" data-id=\"dfad07e\" data-element_type=\"widget\" data-e-type=\"widget\" data-widget_type=\"text-editor.default\">\n\t\t\t\t<div class=\"elementor-widget-container\">\n\t\t\t\t\t\t\t\t\t<p><span style=\"color: #739f9c;\">\u00a0\u00a0\u00a0\u00a0\u00a0\u00a0\u00a0 Naissances, mariages,&#8230; \u00a0 \u00a0 \u00a0 \u00a0 \u00a0\u00a0 \u00a0 \u00a0 \u00a0 \u00a0\u00a0\u00a0\u00a0\u00a0\u00a0 Illustrations de groupe<br \/><\/span><\/p>\t\t\t\t\t\t\t\t<\/div>\n\t\t\t\t<\/div>\n\t\t\t\t<div class=\"elementor-element elementor-element-838fb7e elementor-align-center elementor-widget elementor-widget-button\" data-id=\"838fb7e\" data-element_type=\"widget\" data-e-type=\"widget\" data-widget_type=\"button.default\">\n\t\t\t\t<div class=\"elementor-widget-container\">\n\t\t\t\t\t\t\t\t\t<div class=\"elementor-button-wrapper\">\n\t\t\t\t\t<a class=\"elementor-button elementor-button-link elementor-size-md\" href=\"mailto:astrid@allezlou.fr\">\n\t\t\t\t\t\t<span class=\"elementor-button-content-wrapper\">\n\t\t\t\t\t\t\t\t\t<span class=\"elementor-button-text\">contactez-moi !<\/span>\n\t\t\t\t\t<\/span>\n\t\t\t\t\t<\/a>\n\t\t\t\t<\/div>\n\t\t\t\t\t\t\t\t<\/div>\n\t\t\t\t<\/div>\n\t\t\t\t\t<\/div>\n\t\t<\/div>\n\t\t\t\t\t<\/div>\n\t\t<\/section>\n\t\t\t\t\t<\/div>\n\t\t<\/div>\n\t\t\t\t\t<\/div>\n\t\t<\/section>\n\t\t\t\t<\/div>\n\t\t","protected":false},"excerpt":{"rendered":"<p>Commandes personnalis\u00e9es Je suis \u00e0 l&rsquo;\u00e9coute de vos divers projets, pour les r\u00e9aliser selon le style et la technique que vous pr\u00e9f\u00e9rez [&hellip;]<\/p>\n","protected":false},"author":1,"featured_media":0,"parent":0,"menu_order":0,"comment_status":"closed","ping_status":"closed","template":"elementor_header_footer","meta":{"footnotes":""},"class_list":["post-338","page","type-page","status-publish","hentry"],"_links":{"self":[{"href":"https:\/\/allezlou.fr\/astrid\/wp-json\/wp\/v2\/pages\/338","targetHints":{"allow":["GET"]}}],"collection":[{"href":"https:\/\/allezlou.fr\/astrid\/wp-json\/wp\/v2\/pages"}],"about":[{"href":"https:\/\/allezlou.fr\/astrid\/wp-json\/wp\/v2\/types\/page"}],"author":[{"embeddable":true,"href":"https:\/\/allezlou.fr\/astrid\/wp-json\/wp\/v2\/users\/1"}],"replies":[{"embeddable":true,"href":"https:\/\/allezlou.fr\/astrid\/wp-json\/wp\/v2\/comments?post=338"}],"version-history":[{"count":39,"href":"https:\/\/allezlou.fr\/astrid\/wp-json\/wp\/v2\/pages\/338\/revisions"}],"predecessor-version":[{"id":631,"href":"https:\/\/allezlou.fr\/astrid\/wp-json\/wp\/v2\/pages\/338\/revisions\/631"}],"wp:attachment":[{"href":"https:\/\/allezlou.fr\/astrid\/wp-json\/wp\/v2\/media?parent=338"}],"curies":[{"name":"wp","href":"https:\/\/api.w.org\/{rel}","templated":true}]}}