{"id":190,"date":"2021-03-10T14:31:41","date_gmt":"2021-03-10T13:31:41","guid":{"rendered":"https:\/\/allezlou.fr\/astrid\/?page_id=190"},"modified":"2021-03-11T11:58:25","modified_gmt":"2021-03-11T10:58:25","slug":"modalites-de-livraison","status":"publish","type":"page","link":"https:\/\/allezlou.fr\/astrid\/modalites-de-livraison\/","title":{"rendered":"Modalit\u00e9s de livraison"},"content":{"rendered":"\t\t<div data-elementor-type=\"wp-page\" data-elementor-id=\"190\" class=\"elementor elementor-190\">\n\t\t\t\t\t\t<section class=\"elementor-section elementor-top-section elementor-element elementor-element-b368c9d elementor-section-boxed elementor-section-height-default elementor-section-height-default\" data-id=\"b368c9d\" data-element_type=\"section\" data-e-type=\"section\">\n\t\t\t\t\t\t<div class=\"elementor-container elementor-column-gap-default\">\n\t\t\t\t\t<div class=\"elementor-column elementor-col-100 elementor-top-column elementor-element elementor-element-3145ae5\" data-id=\"3145ae5\" data-element_type=\"column\" data-e-type=\"column\">\n\t\t\t<div class=\"elementor-widget-wrap elementor-element-populated\">\n\t\t\t\t\t\t<div class=\"elementor-element elementor-element-1857ce7 elementor-widget elementor-widget-heading\" data-id=\"1857ce7\" data-element_type=\"widget\" data-e-type=\"widget\" data-widget_type=\"heading.default\">\n\t\t\t\t<div class=\"elementor-widget-container\">\n\t\t\t\t\t<h2 class=\"elementor-heading-title elementor-size-default\">Modalit\u00e9s de livraison<\/h2>\t\t\t\t<\/div>\n\t\t\t\t<\/div>\n\t\t\t\t\t<\/div>\n\t\t<\/div>\n\t\t\t\t\t<\/div>\n\t\t<\/section>\n\t\t\t\t<section class=\"elementor-section elementor-top-section elementor-element elementor-element-76f7ce3 elementor-section-boxed elementor-section-height-default elementor-section-height-default\" data-id=\"76f7ce3\" data-element_type=\"section\" data-e-type=\"section\">\n\t\t\t\t\t\t<div class=\"elementor-container elementor-column-gap-default\">\n\t\t\t\t\t<div class=\"elementor-column elementor-col-100 elementor-top-column elementor-element elementor-element-84ff240\" data-id=\"84ff240\" data-element_type=\"column\" data-e-type=\"column\">\n\t\t\t<div class=\"elementor-widget-wrap elementor-element-populated\">\n\t\t\t\t\t\t<div class=\"elementor-element elementor-element-f4949b4 elementor-widget elementor-widget-text-editor\" data-id=\"f4949b4\" data-element_type=\"widget\" data-e-type=\"widget\" data-widget_type=\"text-editor.default\">\n\t\t\t\t<div class=\"elementor-widget-container\">\n\t\t\t\t\t\t\t\t\t<p>Nos cartes illustr\u00e9es et nos dessins personnalis\u00e9s sur commande sont emball\u00e9s avec soin dans des <strong>enveloppes cartonn\u00e9es<\/strong> du format le plus adapt\u00e9, avant d&rsquo;\u00eatre envoy\u00e9s en <strong>lettre suivie<\/strong> par <strong>La Poste<\/strong>. Tous les produits command\u00e9s simultan\u00e9ment seront envoy\u00e9s en une seule fois \u00e0 l&rsquo;issue de la pr\u00e9paration prenant le plus de temps (r\u00e9alisation d&rsquo;un dessin sur commande par exemple).<\/p><p>Vous recevrez par e-mail<strong> un num\u00e9ro de suivi<\/strong> d\u00e8s que vos produits auront \u00e9t\u00e9 exp\u00e9di\u00e9s.<\/p><p>Pour une livraison en <strong>France M\u00e9tropolitaine<\/strong>, le d\u00e9lai de livraison de La Poste est ordinairement de <strong>deux jours<\/strong>.<\/p><p>Pour les livraison \u00e0 l&rsquo;<strong>international<\/strong>, les d\u00e9lais estim\u00e9s d\u00e9pendent des pays.<\/p><p>Les frais de ports comprennent l&#8217;emballage, la pr\u00e9paration et l&rsquo;exp\u00e9dition en lettre suivie. Ils sont susceptibles d&rsquo;\u00e9voluer en fonction des tarifs de La Poste.<\/p><p>Ils d\u00e9pendent du poids de l&rsquo;envoi (<strong>\u00e0 partir de 3,30\u20ac<\/strong> pour la <strong>France<\/strong> <strong>M\u00e9tropolitaine<\/strong>, et de <strong>6,6\u20ac<\/strong> pour <strong>l&rsquo;international et l&rsquo;Outre-mer<\/strong>).<\/p>\t\t\t\t\t\t\t\t<\/div>\n\t\t\t\t<\/div>\n\t\t\t\t\t<\/div>\n\t\t<\/div>\n\t\t\t\t\t<\/div>\n\t\t<\/section>\n\t\t\t\t<\/div>\n\t\t","protected":false},"excerpt":{"rendered":"<p>Modalit\u00e9s de livraison Nos cartes illustr\u00e9es et nos dessins personnalis\u00e9s sur commande sont emball\u00e9s avec soin dans des enveloppes cartonn\u00e9es du format [&hellip;]<\/p>\n","protected":false},"author":1,"featured_media":0,"parent":0,"menu_order":0,"comment_status":"closed","ping_status":"closed","template":"elementor_header_footer","meta":{"footnotes":""},"class_list":["post-190","page","type-page","status-publish","hentry"],"_links":{"self":[{"href":"https:\/\/allezlou.fr\/astrid\/wp-json\/wp\/v2\/pages\/190","targetHints":{"allow":["GET"]}}],"collection":[{"href":"https:\/\/allezlou.fr\/astrid\/wp-json\/wp\/v2\/pages"}],"about":[{"href":"https:\/\/allezlou.fr\/astrid\/wp-json\/wp\/v2\/types\/page"}],"author":[{"embeddable":true,"href":"https:\/\/allezlou.fr\/astrid\/wp-json\/wp\/v2\/users\/1"}],"replies":[{"embeddable":true,"href":"https:\/\/allezlou.fr\/astrid\/wp-json\/wp\/v2\/comments?post=190"}],"version-history":[{"count":9,"href":"https:\/\/allezlou.fr\/astrid\/wp-json\/wp\/v2\/pages\/190\/revisions"}],"predecessor-version":[{"id":204,"href":"https:\/\/allezlou.fr\/astrid\/wp-json\/wp\/v2\/pages\/190\/revisions\/204"}],"wp:attachment":[{"href":"https:\/\/allezlou.fr\/astrid\/wp-json\/wp\/v2\/media?parent=190"}],"curies":[{"name":"wp","href":"https:\/\/api.w.org\/{rel}","templated":true}]}}